{"id":4596,"date":"2026-02-27T14:17:05","date_gmt":"2026-02-27T17:17:05","guid":{"rendered":"https:\/\/tropicalhorizontravel.com\/?post_type=product&#038;p=4596"},"modified":"2026-02-27T14:21:20","modified_gmt":"2026-02-27T17:21:20","slug":"excursao-de-um-dia-a-delfos-saindo-de-atenas","status":"publish","type":"product","link":"https:\/\/tropicalhorizontravel.com\/index.php\/product\/excursao-de-um-dia-a-delfos-saindo-de-atenas\/","title":{"rendered":"Excurs\u00e3o de um dia a Delfos saindo de Atenas"},"content":{"rendered":"<p><strong>Que inclui?<\/strong><\/p>\n<ul>\n<li>\u00d4nibus com ar-condicionado<\/li>\n<li>Guia tur\u00edstico credenciado<\/li>\n<li>IVA e todos os impostos legais inclusos<\/li>\n<li>Sussurros<\/li>\n<\/ul>\n<p><strong>Roteiro<\/strong><\/p>\n<div class=\"n4sEPd\">\n<div class=\"FFpbKc\">\n<ul>\n<li class=\"xMmqsf\">Encontre-se com nosso guia tur\u00edstico licenciado em nosso escrit\u00f3rio e parta imediatamente para o s\u00edtio arqueol\u00f3gico de Delfos em nosso \u00f4nibus com ar-condicionado.<\/li>\n<li class=\"xMmqsf\">Atravesse a plan\u00edcie da Be\u00f3cia, ouvindo hist\u00f3rias sobre a mitologia grega antiga, o rei \u00c9dipo, o deus Apolo e mergulhe nos mitos e monumentos da Gr\u00e9cia Antiga.<\/li>\n<li class=\"xMmqsf\">Nossa principal parada \u00e9 Delfos. Maravilhe-se com alguns dos monumentos arqueol\u00f3gicos mais importantes e \u00fanicos, como o Tesouro dos Atenienses, o Templo de Apolo, a Estoa Ateniense, a Muralha Poligonal e, claro, visite o Museu Arqueol\u00f3gico de Delfos, que abriga pe\u00e7as de arte mundialmente conhecidas, como a Esfinge de Naxos, a est\u00e1tua de Ant\u00ednoo, o friso do Tesouro dos Sifnios e o Auriga de bronze.<\/li>\n<li class=\"xMmqsf\">Nosso guia tur\u00edstico altamente experiente e profissional garantir\u00e1 que voc\u00ea n\u00e3o perca nada e aproveite ao m\u00e1ximo o passeio.<\/li>\n<li class=\"xMmqsf\">Nossa parada final \u00e9 a pitoresca vila multicolorida de Arachova.<\/li>\n<li class=\"xMmqsf\">Aqui voc\u00ea poder\u00e1 almo\u00e7ar em um dos muitos restaurantes tradicionais da vila, passear por suas ruelas estreitas, admirar os tapetes feitos \u00e0 m\u00e3o e comprar iguarias locais, como o queijo Formaela.<\/li>\n<li class=\"xMmqsf\">Retorne de sua excurs\u00e3o de um dia para Atenas no final da tarde.<\/li>\n<\/ul>\n<\/div>\n<\/div>\n","protected":false},"excerpt":{"rendered":"<p>Vivencie uma jornada fascinante pela hist\u00f3ria com nosso Tour Guiado de Um Dia em Grupo Pequeno para Delfos, saindo de Atenas, uma explora\u00e7\u00e3o de um dos s\u00edtios arqueol\u00f3gicos mais renomados do mundo. Liderado por um guia profissional, este tour em grupo pequeno promete uma experi\u00eancia personalizada e enriquecedora enquanto voc\u00ea mergulha nos mist\u00e9rios de Delfos.<br \/>\nO dia come\u00e7a no ponto de encontro, garantindo um in\u00edcio tranquilo para sua aventura. Nosso guia profissional fornecer\u00e1 todos os detalhes necess\u00e1rios enquanto iniciamos um passeio panor\u00e2mico pela Gr\u00e9cia continental, passando pela f\u00e9rtil plan\u00edcie da Be\u00f3cia e pelas cidades hist\u00f3ricas de Tebas e Levadia. Ao longo do caminho, voc\u00ea desfrutar\u00e1 de vistas pitorescas e ter\u00e1 a oportunidade de socializar com outros viajantes.<br \/>\nAo chegar ao antigo s\u00edtio arqueol\u00f3gico de Delfos, conhecido como o \u201cumbigo do mundo\u201d, voc\u00ea ser\u00e1 transportado de volta no tempo para explorar as ru\u00ednas que outrora abrigaram o lend\u00e1rio Or\u00e1culo de Delfos. Acompanhado por nosso guia profissional, voc\u00ea descobrir\u00e1 pontos tur\u00edsticos ic\u00f4nicos, como o Templo de Apolo, o tesouro dos atenienses e a Estoa de Atenas, enquanto aprende sobre a rica hist\u00f3ria, mitologia e import\u00e2ncia moderna do local.<br \/>\nMaravilhe-se com a Fonte Cast\u00e1lia, uma fonte sagrada na antiga Delfos, e admire o monumento dos Reis Argos e o majestoso Templo de Apolo, famoso por seu or\u00e1culo que influenciou a civiliza\u00e7\u00e3o grega antiga. Aproveite a oportunidade para visitar o Museu de Delfos (por conta pr\u00f3pria), onde voc\u00ea encontrar\u00e1 exposi\u00e7\u00f5es espetaculares, incluindo o famoso cocheiro de bronze e outros artefatos inestim\u00e1veis \u200b\u200bque oferecem uma vis\u00e3o da cultura e arte da Gr\u00e9cia antiga.<br \/>\nAp\u00f3s concluir sua visita guiada, desfrute de um delicioso almo\u00e7o (por conta pr\u00f3pria), saboreando a culin\u00e1ria tradicional grega. Antes de retornar a Atenas, aproveite uma breve parada na vila montanhosa de Arachova, aninhada nas encostas do Monte Parnaso, onde voc\u00ea poder\u00e1 tomar uma x\u00edcara de caf\u00e9 e tirar algumas fotos finais da paisagem deslumbrante.<br \/>\nAo final do dia, nosso passeio retorna a Atenas no final da tarde, deixando voc\u00ea no ponto de encontro. Seja voc\u00ea um entusiasta da hist\u00f3ria, um explorador cultural ou simplesmente algu\u00e9m em busca de uma excurs\u00e3o inesquec\u00edvel saindo de Atenas, nosso Passeio Guiado em Grupo Pequeno a Delfos promete uma experi\u00eancia enriquecedora e memor\u00e1vel que o deixar\u00e1 cativado e inspirado. Junte-se a n\u00f3s e descubra as maravilhas antigas de Delfos nesta extraordin\u00e1ria jornada atrav\u00e9s do tempo.<\/p>\n","protected":false},"featured_media":4597,"comment_status":"open","ping_status":"closed","template":"","meta":{"site-sidebar-layout":"default","site-content-layout":"default","ast-site-content-layout":"default","site-content-style":"default","site-sidebar-style":"default","ast-global-header-display":"","ast-banner-title-visibility":"","ast-main-header-display":"","ast-hfb-above-header-display":"","ast-hfb-below-header-display":"","ast-hfb-mobile-header-display":"","site-post-title":"","ast-breadcrumbs-content":"","ast-featured-img":"","footer-sml-layout":"","ast-disable-related-posts":"","theme-transparent-header-meta":"default","adv-header-id-meta":"","stick-header-meta":"","header-above-stick-meta":"","header-main-stick-meta":"","header-below-stick-meta":"","astra-migrate-meta-layouts":"set","ast-page-background-enabled":"default","ast-page-background-meta":{"desktop":{"background-color":"","background-image":"","background-repeat":"repeat","background-position":"center center","background-size":"auto","background-attachment":"scroll","background-type":"","background-media":"","overlay-type":"","overlay-color":"","overlay-opacity":"","overlay-gradient":""},"tablet":{"background-color":"","background-image":"","background-repeat":"repeat","background-position":"center center","background-size":"auto","background-attachment":"scroll","background-type":"","background-media":"","overlay-type":"","overlay-color":"","overlay-opacity":"","overlay-gradient":""},"mobile":{"background-color":"","background-image":"","background-repeat":"repeat","background-position":"center center","background-size":"auto","background-attachment":"scroll","background-type":"","background-media":"","overlay-type":"","overlay-color":"","overlay-opacity":"","overlay-gradient":""}},"ast-content-background-meta":{"desktop":{"background-color":"var(--ast-global-color-5)","background-image":"","background-repeat":"repeat","background-position":"center center","background-size":"auto","background-attachment":"scroll","background-type":"","background-media":"","overlay-type":"","overlay-color":"","overlay-opacity":"","overlay-gradient":""},"tablet":{"background-color":"var(--ast-global-color-5)","background-image":"","background-repeat":"repeat","background-position":"center center","background-size":"auto","background-attachment":"scroll","background-type":"","background-media":"","overlay-type":"","overlay-color":"","overlay-opacity":"","overlay-gradient":""},"mobile":{"background-color":"var(--ast-global-color-5)","background-image":"","background-repeat":"repeat","background-position":"center center","background-size":"auto","background-attachment":"scroll","background-type":"","background-media":"","overlay-type":"","overlay-color":"","overlay-opacity":"","overlay-gradient":""}}},"product_brand":[],"product_cat":[15],"product_tag":[],"class_list":{"0":"post-4596","1":"product","2":"type-product","3":"status-publish","4":"has-post-thumbnail","6":"product_cat-passeios","7":"desktop-align-left","8":"tablet-align-left","9":"mobile-align-left","11":"first","12":"instock","13":"featured","14":"shipping-taxable","15":"purchasable","16":"product-type-simple"},"_links":{"self":[{"href":"https:\/\/tropicalhorizontravel.com\/index.php\/wp-json\/wp\/v2\/product\/4596","targetHints":{"allow":["GET"]}}],"collection":[{"href":"https:\/\/tropicalhorizontravel.com\/index.php\/wp-json\/wp\/v2\/product"}],"about":[{"href":"https:\/\/tropicalhorizontravel.com\/index.php\/wp-json\/wp\/v2\/types\/product"}],"replies":[{"embeddable":true,"href":"https:\/\/tropicalhorizontravel.com\/index.php\/wp-json\/wp\/v2\/comments?post=4596"}],"version-history":[{"count":1,"href":"https:\/\/tropicalhorizontravel.com\/index.php\/wp-json\/wp\/v2\/product\/4596\/revisions"}],"predecessor-version":[{"id":4598,"href":"https:\/\/tropicalhorizontravel.com\/index.php\/wp-json\/wp\/v2\/product\/4596\/revisions\/4598"}],"wp:featuredmedia":[{"embeddable":true,"href":"https:\/\/tropicalhorizontravel.com\/index.php\/wp-json\/wp\/v2\/media\/4597"}],"wp:attachment":[{"href":"https:\/\/tropicalhorizontravel.com\/index.php\/wp-json\/wp\/v2\/media?parent=4596"}],"wp:term":[{"taxonomy":"product_brand","embeddable":true,"href":"https:\/\/tropicalhorizontravel.com\/index.php\/wp-json\/wp\/v2\/product_brand?post=4596"},{"taxonomy":"product_cat","embeddable":true,"href":"https:\/\/tropicalhorizontravel.com\/index.php\/wp-json\/wp\/v2\/product_cat?post=4596"},{"taxonomy":"product_tag","embeddable":true,"href":"https:\/\/tropicalhorizontravel.com\/index.php\/wp-json\/wp\/v2\/product_tag?post=4596"}],"curies":[{"name":"wp","href":"https:\/\/api.w.org\/{rel}","templated":true}]}}