{"id":4593,"date":"2026-02-27T14:10:49","date_gmt":"2026-02-27T17:10:49","guid":{"rendered":"https:\/\/tropicalhorizontravel.com\/?post_type=product&#038;p=4593"},"modified":"2026-02-27T14:16:50","modified_gmt":"2026-02-27T17:16:50","slug":"excursao-pela-cidade-de-atenas-e-visita-a-acropole","status":"publish","type":"product","link":"https:\/\/tropicalhorizontravel.com\/index.php\/product\/excursao-pela-cidade-de-atenas-e-visita-a-acropole\/","title":{"rendered":"Excurs\u00e3o pela cidade de Atenas e visita \u00e0 Acr\u00f3pole"},"content":{"rendered":"<p><strong>Que inclui?<\/strong><\/p>\n<ul>\n<li>Guia tur\u00edstico licenciado<\/li>\n<li>Ingressos sem fila para a Acr\u00f3pole<\/li>\n<li>Atendimento personalizado, dedicado a voc\u00ea e ao seu grupo<\/li>\n<\/ul>\n<p><strong>Roteiro<\/strong><\/p>\n<div class=\"n4sEPd\">\n<div class=\"FFpbKc\">\n<ul>\n<li class=\"xMmqsf\">\n<div class=\"r375lc\"><\/div>\n<p><span class=\"jCAhz\" style=\"font-size: 16px;\"><span class=\"ryNqvb\"><strong>Encontro na Loja Nike na Rua Ermou:<\/strong> Comece sua aventura em um ponto de encontro central e de f\u00e1cil acesso em Atenas.<\/span><\/span><\/li>\n<li class=\"xMmqsf\"><span class=\"jCAhz ChMk0b\" style=\"font-size: 16px;\"><span class=\"ryNqvb\"><strong>Forma\u00e7\u00e3o de Grupos Pequenos:<\/strong> Junte-se a um grupo de no m\u00e1ximo 15 participantes para uma experi\u00eancia de passeio personalizada e intimista.<\/span><\/span><\/li>\n<li class=\"xMmqsf\"><span class=\"jCAhz ChMk0b\" style=\"font-size: 16px;\"><span class=\"ryNqvb\"><strong>Sele\u00e7\u00e3o do Hor\u00e1rio de Partida:<\/strong> Escolha entre v\u00e1rios hor\u00e1rios de partida para atender \u00e0 sua prefer\u00eancia, seja para come\u00e7ar cedo ou com calma.<\/span><\/span><\/li>\n<li class=\"xMmqsf\"><span class=\"jCAhz ChMk0b\" style=\"font-size: 16px;\"><span class=\"ryNqvb\"><strong>Passeio pelos S\u00edtios Hist\u00f3ricos:<\/strong> Explore os locais hist\u00f3ricos mais importantes de Atenas sob a orienta\u00e7\u00e3o de um especialista.<\/span><\/span><\/li>\n<li class=\"xMmqsf\"><span class=\"jCAhz ChMk0b\" style=\"font-size: 16px;\"><span class=\"ryNqvb\"><strong>Entrada sem Filas na Acr\u00f3pole:<\/strong> Desfrute de entrada priorit\u00e1ria na Acr\u00f3pole, evitando as longas filas.<\/span><\/span><\/li>\n<li class=\"xMmqsf\"><span class=\"jCAhz ChMk0b\" style=\"font-size: 16px;\"><span class=\"ryNqvb\"><strong>Explora\u00e7\u00e3o da Acr\u00f3pole:<\/strong> Maravilhe-se com o Partenon, o Erecteion e o Templo de Atena Nike, entre outros.<\/span><\/span><\/li>\n<li class=\"xMmqsf\"><span class=\"jCAhz ChMk0b\" style=\"font-size: 16px;\"><span class=\"ryNqvb\"><strong>Passeio por Atenas:<\/strong> Passeie pelas ruas e vielas vibrantes de Atenas, descobrindo tesouros escondidos ao longo do caminho.<\/span><\/span><\/li>\n<li class=\"xMmqsf\"><span class=\"jCAhz ChMk0b\" style=\"font-size: 16px;\"><span class=\"ryNqvb\"><strong>Conclus\u00e3o do Passeio:<\/strong> Retorne ao ponto de encontro original, enriquecido com conhecimento e mem\u00f3rias da beleza atemporal de Atenas.<\/span><\/span><\/li>\n<\/ul>\n<\/div>\n<\/div>\n","protected":false},"excerpt":{"rendered":"<p>Uma jornada pelo cora\u00e7\u00e3o da civiliza\u00e7\u00e3o antiga com nosso Tour a P\u00e9 em Grupo Pequeno pela Cidade de Atenas. Esta explora\u00e7\u00e3o oferece uma oportunidade \u00fanica de mergulhar na rica tape\u00e7aria de hist\u00f3ria, cultura e majestade arquitet\u00f4nica que define Atenas, tudo isso enquanto desfruta da aten\u00e7\u00e3o personalizada e da experi\u00eancia de um guia profissional.<br \/>\nNosso tour come\u00e7a na Loja Nike na Rua Ermou, um ponto de encontro conveniente e central em Atenas. De l\u00e1, voc\u00ea se juntar\u00e1 a um pequeno e exclusivo grupo de no m\u00e1ximo 15 exploradores com interesses semelhantes, garantindo uma experi\u00eancia personalizada e intimista. O tour \u00e9 projetado para atender aos interesses de cada participante, fazendo com que cada momento conte.<br \/>\nPartindo pela manh\u00e3, voc\u00ea tem a flexibilidade de escolher entre v\u00e1rios hor\u00e1rios de in\u00edcio, permitindo que voc\u00ea planeje o dia de acordo com suas prefer\u00eancias. Se voc\u00ea \u00e9 uma pessoa matutina ansiosa para evitar as multid\u00f5es ou prefere um come\u00e7o de dia tranquilo, temos uma op\u00e7\u00e3o que se adapta \u00e0 sua agenda.<br \/>\nAo pisar nas ruas antigas de Atenas, seu guia especializado o conduzir\u00e1 em uma jornada atrav\u00e9s do tempo. Voc\u00ea visitar\u00e1 os locais hist\u00f3ricos mais importantes da cidade, cada um com sua pr\u00f3pria hist\u00f3ria para contar. O ponto alto do passeio \u00e9, sem d\u00favida, a Acr\u00f3pole, a antiga cidadela que se ergue como um s\u00edmbolo da sabedoria e do poder dos antigos atenienses. Com ingressos sem fila inclu\u00eddos, voc\u00ea evitar\u00e1 as multid\u00f5es e entrar\u00e1 diretamente neste not\u00e1vel s\u00edtio arqueol\u00f3gico.<br \/>\nDentro da Acr\u00f3pole, maravilhe-se com o Partenon, o Erecteion e o Templo de Atena Nike, entre outros monumentos atemporais. Seu guia, um especialista em turismo licenciado e profissional, compartilhar\u00e1 informa\u00e7\u00f5es sobre o significado dessas estruturas, tecendo hist\u00f3rias de mitologia, democracia e filosofia que ecoam atrav\u00e9s dos tempos.<br \/>\nAl\u00e9m da Acr\u00f3pole, o passeio leva voc\u00ea a uma caminhada pelas vibrantes ruas e vielas de Atenas, revelando joias menos conhecidas e proporcionando um vislumbre da vida cotidiana da cidade, tanto no passado quanto no presente.<br \/>\nConcluindo de volta ao nosso ponto de encontro original, o Passeio a P\u00e9 em Grupo Pequeno pela Cidade de Atenas deixa voc\u00ea enriquecido com conhecimento, maravilhado com a beleza da arquitetura antiga e inspirado pelo legado duradouro de Atenas. Este passeio promete n\u00e3o apenas uma caminhada pela hist\u00f3ria, mas uma imers\u00e3o nas hist\u00f3rias que moldaram o nosso mundo, tudo isso na companhia de outros viajantes que compartilham a sua paix\u00e3o pela descoberta. Junte-se a n\u00f3s para uma explora\u00e7\u00e3o inesquec\u00edvel de Atenas, onde a hist\u00f3ria n\u00e3o \u00e9 apenas vista, mas sentida, a cada passo desta jornada extraordin\u00e1ria.<\/p>\n","protected":false},"featured_media":4594,"comment_status":"open","ping_status":"closed","template":"","meta":{"site-sidebar-layout":"default","site-content-layout":"default","ast-site-content-layout":"default","site-content-style":"default","site-sidebar-style":"default","ast-global-header-display":"","ast-banner-title-visibility":"","ast-main-header-display":"","ast-hfb-above-header-display":"","ast-hfb-below-header-display":"","ast-hfb-mobile-header-display":"","site-post-title":"","ast-breadcrumbs-content":"","ast-featured-img":"","footer-sml-layout":"","ast-disable-related-posts":"","theme-transparent-header-meta":"default","adv-header-id-meta":"","stick-header-meta":"","header-above-stick-meta":"","header-main-stick-meta":"","header-below-stick-meta":"","astra-migrate-meta-layouts":"set","ast-page-background-enabled":"default","ast-page-background-meta":{"desktop":{"background-color":"","background-image":"","background-repeat":"repeat","background-position":"center center","background-size":"auto","background-attachment":"scroll","background-type":"","background-media":"","overlay-type":"","overlay-color":"","overlay-opacity":"","overlay-gradient":""},"tablet":{"background-color":"","background-image":"","background-repeat":"repeat","background-position":"center center","background-size":"auto","background-attachment":"scroll","background-type":"","background-media":"","overlay-type":"","overlay-color":"","overlay-opacity":"","overlay-gradient":""},"mobile":{"background-color":"","background-image":"","background-repeat":"repeat","background-position":"center center","background-size":"auto","background-attachment":"scroll","background-type":"","background-media":"","overlay-type":"","overlay-color":"","overlay-opacity":"","overlay-gradient":""}},"ast-content-background-meta":{"desktop":{"background-color":"var(--ast-global-color-5)","background-image":"","background-repeat":"repeat","background-position":"center center","background-size":"auto","background-attachment":"scroll","background-type":"","background-media":"","overlay-type":"","overlay-color":"","overlay-opacity":"","overlay-gradient":""},"tablet":{"background-color":"var(--ast-global-color-5)","background-image":"","background-repeat":"repeat","background-position":"center center","background-size":"auto","background-attachment":"scroll","background-type":"","background-media":"","overlay-type":"","overlay-color":"","overlay-opacity":"","overlay-gradient":""},"mobile":{"background-color":"var(--ast-global-color-5)","background-image":"","background-repeat":"repeat","background-position":"center center","background-size":"auto","background-attachment":"scroll","background-type":"","background-media":"","overlay-type":"","overlay-color":"","overlay-opacity":"","overlay-gradient":""}}},"product_brand":[],"product_cat":[15],"product_tag":[],"class_list":{"0":"post-4593","1":"product","2":"type-product","3":"status-publish","4":"has-post-thumbnail","6":"product_cat-passeios","7":"desktop-align-left","8":"tablet-align-left","9":"mobile-align-left","11":"first","12":"instock","13":"featured","14":"shipping-taxable","15":"purchasable","16":"product-type-simple"},"_links":{"self":[{"href":"https:\/\/tropicalhorizontravel.com\/index.php\/wp-json\/wp\/v2\/product\/4593","targetHints":{"allow":["GET"]}}],"collection":[{"href":"https:\/\/tropicalhorizontravel.com\/index.php\/wp-json\/wp\/v2\/product"}],"about":[{"href":"https:\/\/tropicalhorizontravel.com\/index.php\/wp-json\/wp\/v2\/types\/product"}],"replies":[{"embeddable":true,"href":"https:\/\/tropicalhorizontravel.com\/index.php\/wp-json\/wp\/v2\/comments?post=4593"}],"version-history":[{"count":1,"href":"https:\/\/tropicalhorizontravel.com\/index.php\/wp-json\/wp\/v2\/product\/4593\/revisions"}],"predecessor-version":[{"id":4595,"href":"https:\/\/tropicalhorizontravel.com\/index.php\/wp-json\/wp\/v2\/product\/4593\/revisions\/4595"}],"wp:featuredmedia":[{"embeddable":true,"href":"https:\/\/tropicalhorizontravel.com\/index.php\/wp-json\/wp\/v2\/media\/4594"}],"wp:attachment":[{"href":"https:\/\/tropicalhorizontravel.com\/index.php\/wp-json\/wp\/v2\/media?parent=4593"}],"wp:term":[{"taxonomy":"product_brand","embeddable":true,"href":"https:\/\/tropicalhorizontravel.com\/index.php\/wp-json\/wp\/v2\/product_brand?post=4593"},{"taxonomy":"product_cat","embeddable":true,"href":"https:\/\/tropicalhorizontravel.com\/index.php\/wp-json\/wp\/v2\/product_cat?post=4593"},{"taxonomy":"product_tag","embeddable":true,"href":"https:\/\/tropicalhorizontravel.com\/index.php\/wp-json\/wp\/v2\/product_tag?post=4593"}],"curies":[{"name":"wp","href":"https:\/\/api.w.org\/{rel}","templated":true}]}}