{"id":4590,"date":"2026-02-27T12:29:49","date_gmt":"2026-02-27T15:29:49","guid":{"rendered":"https:\/\/tropicalhorizontravel.com\/?post_type=product&#038;p=4590"},"modified":"2026-02-27T13:00:14","modified_gmt":"2026-02-27T16:00:14","slug":"corinto-e-nauplia-antigas","status":"publish","type":"product","link":"https:\/\/tropicalhorizontravel.com\/index.php\/product\/corinto-e-nauplia-antigas\/","title":{"rendered":"Corinto e N\u00e1uplia antigas"},"content":{"rendered":"<p><strong>Que inclui?<\/strong><\/p>\n<ul>\n<li>\u00d4nibus com ar-condicionado<\/li>\n<li>Guia tur\u00edstico credenciado<br \/>\nIVA e todos os impostos legais inclusos<br \/>\nSussurros<\/li>\n<\/ul>\n<p><strong>Roteiro<\/strong><\/p>\n<ul>\n<li style=\"font-weight: 400;\" aria-level=\"1\">\n<h2 data-start=\"144\" data-end=\"165\">\ud83d\udd58 Sa\u00edda de Atenas<\/h2>\n<p data-start=\"167\" data-end=\"242\">Encontre nosso guia tur\u00edstico licenciado \u00e0s <strong data-start=\"211\" data-end=\"220\">08:45<\/strong> no ponto de encontro:<\/p>\n<p data-start=\"244\" data-end=\"291\">\ud83d\udccd <strong data-start=\"247\" data-end=\"291\">Chatzichristou 21, Athina 117 42, Gr\u00e9cia<\/strong><\/p>\n<p data-start=\"293\" data-end=\"363\">A sa\u00edda ser\u00e1 imediata em nosso confort\u00e1vel \u00f4nibus com ar-condicionado.<\/p>\n<hr data-start=\"365\" data-end=\"368\" \/>\n<h2 data-start=\"370\" data-end=\"403\">\ud83c\udf09 Parada 1 \u2013 Canal de Corinto<\/h2>\n<p data-start=\"405\" data-end=\"552\">Nossa jornada come\u00e7a com uma parada panor\u00e2mica no <strong data-start=\"455\" data-end=\"475\">Canal de Corinto<\/strong>, uma impressionante obra de engenharia que conecta o Mar Egeu ao Mar J\u00f4nico.<\/p>\n<p data-start=\"554\" data-end=\"624\">Aqui voc\u00ea poder\u00e1 apreciar vistas deslumbrantes enquanto aprende sobre:<\/p>\n<ul data-start=\"626\" data-end=\"784\">\n<li data-start=\"626\" data-end=\"664\">\n<p data-start=\"628\" data-end=\"664\">A import\u00e2ncia estrat\u00e9gica do canal<\/p>\n<\/li>\n<li data-start=\"665\" data-end=\"706\">\n<p data-start=\"667\" data-end=\"706\">Sua fascinante hist\u00f3ria de constru\u00e7\u00e3o<\/p>\n<\/li>\n<li data-start=\"707\" data-end=\"784\">\n<p data-start=\"709\" data-end=\"784\">O mito de <strong data-start=\"719\" data-end=\"728\">Teseu<\/strong>, que passou por esta regi\u00e3o ap\u00f3s derrotar o Minotauro<\/p>\n<\/li>\n<\/ul>\n<p data-start=\"786\" data-end=\"885\">Durante o trajeto pelo verdejante interior do Peloponeso, nosso guia compartilhar\u00e1 hist\u00f3rias sobre:<\/p>\n<ul data-start=\"887\" data-end=\"1019\">\n<li data-start=\"887\" data-end=\"913\">\n<p data-start=\"889\" data-end=\"913\">Mitologia grega antiga<\/p>\n<\/li>\n<li data-start=\"914\" data-end=\"954\">\n<p data-start=\"916\" data-end=\"954\">A visita hist\u00f3rica do Ap\u00f3stolo Paulo<\/p>\n<\/li>\n<li data-start=\"955\" data-end=\"1019\">\n<p data-start=\"957\" data-end=\"1019\">A relev\u00e2ncia estrat\u00e9gica de Corinto e Nafplio na Antiguidade<\/p>\n<\/li>\n<\/ul>\n<hr data-start=\"1021\" data-end=\"1024\" \/>\n<h2 data-start=\"1026\" data-end=\"1080\">\ud83c\udfdb\ufe0f Parada 2 \u2013 S\u00edtio Arqueol\u00f3gico de Corinto Antiga<\/h2>\n<p data-start=\"1082\" data-end=\"1183\">Nosso principal destino \u00e9 <strong data-start=\"1108\" data-end=\"1126\">Corinto Antiga<\/strong>, um dos s\u00edtios arqueol\u00f3gicos mais importantes da Gr\u00e9cia.<\/p>\n<p data-start=\"1185\" data-end=\"1199\">Voc\u00ea visitar\u00e1:<\/p>\n<ul data-start=\"1201\" data-end=\"1412\">\n<li data-start=\"1201\" data-end=\"1269\">\n<p data-start=\"1203\" data-end=\"1269\"><strong data-start=\"1203\" data-end=\"1222\">Templo de Apolo<\/strong> \u2013 Um dos primeiros templos d\u00f3ricos da Gr\u00e9cia<\/p>\n<\/li>\n<li data-start=\"1270\" data-end=\"1327\">\n<p data-start=\"1272\" data-end=\"1327\"><strong data-start=\"1272\" data-end=\"1288\">\u00c1gora Romana<\/strong> \u2013 Centro da vida p\u00fablica e comercial<\/p>\n<\/li>\n<li data-start=\"1328\" data-end=\"1412\">\n<p data-start=\"1330\" data-end=\"1412\"><strong data-start=\"1330\" data-end=\"1356\">Bema do Ap\u00f3stolo Paulo<\/strong> \u2013 Onde se acredita que S\u00e3o Paulo pregou aos cor\u00edntios<\/p>\n<\/li>\n<\/ul>\n<h3 data-start=\"1414\" data-end=\"1450\">\ud83c\udffa Museu Arqueol\u00f3gico de Corinto<\/h3>\n<p data-start=\"1452\" data-end=\"1495\">Visita ao museu que abriga artefatos desde:<\/p>\n<ul data-start=\"1497\" data-end=\"1557\">\n<li data-start=\"1497\" data-end=\"1522\">\n<p data-start=\"1499\" data-end=\"1522\">Per\u00edodo Pr\u00e9-Hist\u00f3rico<\/p>\n<\/li>\n<li data-start=\"1523\" data-end=\"1542\">\n<p data-start=\"1525\" data-end=\"1542\">Gr\u00e9cia Cl\u00e1ssica<\/p>\n<\/li>\n<li data-start=\"1543\" data-end=\"1557\">\n<p data-start=\"1545\" data-end=\"1557\">Era Romana<\/p>\n<\/li>\n<\/ul>\n<p data-start=\"1559\" data-end=\"1577\">Destaques incluem:<\/p>\n<ul data-start=\"1579\" data-end=\"1709\">\n<li data-start=\"1579\" data-end=\"1602\">\n<p data-start=\"1581\" data-end=\"1602\">Mosaicos detalhados<\/p>\n<\/li>\n<li data-start=\"1603\" data-end=\"1624\">\n<p data-start=\"1605\" data-end=\"1624\">Cer\u00e2micas antigas<\/p>\n<\/li>\n<li data-start=\"1625\" data-end=\"1650\">\n<p data-start=\"1627\" data-end=\"1650\">Est\u00e1tuas e esculturas<\/p>\n<\/li>\n<li data-start=\"1651\" data-end=\"1709\">\n<p data-start=\"1653\" data-end=\"1709\">Objetos do cotidiano que revelam a vida na antiguidade<\/p>\n<\/li>\n<\/ul>\n<p data-start=\"1711\" data-end=\"1826\">Nosso guia experiente garantir\u00e1 uma experi\u00eancia rica em informa\u00e7\u00f5es, contexto hist\u00f3rico e curiosidades fascinantes.<\/p>\n<hr data-start=\"1828\" data-end=\"1831\" \/>\n<h2 data-start=\"1833\" data-end=\"1857\">\ud83c\udff0 Parada 3 \u2013 Nafplio<\/h2>\n<p data-start=\"1859\" data-end=\"1961\">Encerramos o passeio na encantadora cidade costeira de <strong data-start=\"1914\" data-end=\"1925\">Nafplio<\/strong>, uma das mais pitorescas da Gr\u00e9cia.<\/p>\n<h3 data-start=\"1963\" data-end=\"1985\">Principais pontos:<\/h3>\n<ul data-start=\"1987\" data-end=\"2131\">\n<li data-start=\"1987\" data-end=\"2068\">\n<p data-start=\"1989\" data-end=\"2068\"><strong data-start=\"1989\" data-end=\"2003\">Vouleftiko<\/strong> \u2013 Antiga mesquita que se tornou o primeiro Parlamento Hel\u00eanico<\/p>\n<\/li>\n<li data-start=\"2069\" data-end=\"2131\">\n<p data-start=\"2071\" data-end=\"2131\"><strong data-start=\"2071\" data-end=\"2089\">Pra\u00e7a Syntagma<\/strong> \u2013 Centro hist\u00f3rico e cultural da cidade<\/p>\n<\/li>\n<\/ul>\n<p data-start=\"2133\" data-end=\"2194\">O guia fornecer\u00e1 explica\u00e7\u00f5es detalhadas antes do tempo livre.<\/p>\n<hr data-start=\"2196\" data-end=\"2199\" \/>\n<h2 data-start=\"2201\" data-end=\"2229\">\ud83c\udf3f Tempo Livre em Nafplio<\/h2>\n<p data-start=\"2231\" data-end=\"2258\">Voc\u00ea ter\u00e1 tempo livre para:<\/p>\n<ul data-start=\"2260\" data-end=\"2456\">\n<li data-start=\"2260\" data-end=\"2302\">\n<p data-start=\"2262\" data-end=\"2302\">Caminhar pelas charmosas ruas e vielas<\/p>\n<\/li>\n<li data-start=\"2303\" data-end=\"2327\">\n<p data-start=\"2305\" data-end=\"2327\">Visitar lojas locais<\/p>\n<\/li>\n<li data-start=\"2328\" data-end=\"2374\">\n<p data-start=\"2330\" data-end=\"2374\">Experimentar a culin\u00e1ria tradicional grega<\/p>\n<\/li>\n<li data-start=\"2375\" data-end=\"2398\">\n<p data-start=\"2377\" data-end=\"2398\">Relaxar \u00e0 beira-mar<\/p>\n<\/li>\n<li data-start=\"2399\" data-end=\"2456\">\n<p data-start=\"2401\" data-end=\"2456\">Aproveitar o ambiente rom\u00e2ntico e hist\u00f3rico da cidade<\/p>\n<\/li>\n<\/ul>\n<p data-start=\"2458\" data-end=\"2530\">Ap\u00f3s essa experi\u00eancia memor\u00e1vel, retornaremos confortavelmente a Atenas.<\/p>\n<\/li>\n<\/ul>\n","protected":false},"excerpt":{"rendered":"<p>Embarque em uma experi\u00eancia inesquec\u00edvel onde hist\u00f3ria e beleza se encontram. Partindo de Atenas, visite o impressionante Canal de Corinto, uma obra-prima da engenharia que conecta o Mar Egeu ao Mar J\u00f4nico. Explore as ru\u00ednas ic\u00f4nicas de Corinto Antiga, incluindo o Templo de Apolo, a \u00c1gora Romana e o Bema do Ap\u00f3stolo Paulo, enquanto aprende sobre mitologia e hist\u00f3ria com um guia especializado. Finalize o dia na encantadora cidade de Nafplio, caminhando por suas ruas charmosas e descobrindo sua rica heran\u00e7a cultural. Um passeio completo, repleto de descobertas e cen\u00e1rios memor\u00e1veis da Gr\u00e9cia.<\/p>\n","protected":false},"featured_media":4591,"comment_status":"open","ping_status":"closed","template":"","meta":{"site-sidebar-layout":"default","site-content-layout":"default","ast-site-content-layout":"default","site-content-style":"default","site-sidebar-style":"default","ast-global-header-display":"","ast-banner-title-visibility":"","ast-main-header-display":"","ast-hfb-above-header-display":"","ast-hfb-below-header-display":"","ast-hfb-mobile-header-display":"","site-post-title":"","ast-breadcrumbs-content":"","ast-featured-img":"","footer-sml-layout":"","ast-disable-related-posts":"","theme-transparent-header-meta":"default","adv-header-id-meta":"","stick-header-meta":"","header-above-stick-meta":"","header-main-stick-meta":"","header-below-stick-meta":"","astra-migrate-meta-layouts":"set","ast-page-background-enabled":"default","ast-page-background-meta":{"desktop":{"background-color":"","background-image":"","background-repeat":"repeat","background-position":"center center","background-size":"auto","background-attachment":"scroll","background-type":"","background-media":"","overlay-type":"","overlay-color":"","overlay-opacity":"","overlay-gradient":""},"tablet":{"background-color":"","background-image":"","background-repeat":"repeat","background-position":"center center","background-size":"auto","background-attachment":"scroll","background-type":"","background-media":"","overlay-type":"","overlay-color":"","overlay-opacity":"","overlay-gradient":""},"mobile":{"background-color":"","background-image":"","background-repeat":"repeat","background-position":"center center","background-size":"auto","background-attachment":"scroll","background-type":"","background-media":"","overlay-type":"","overlay-color":"","overlay-opacity":"","overlay-gradient":""}},"ast-content-background-meta":{"desktop":{"background-color":"var(--ast-global-color-5)","background-image":"","background-repeat":"repeat","background-position":"center center","background-size":"auto","background-attachment":"scroll","background-type":"","background-media":"","overlay-type":"","overlay-color":"","overlay-opacity":"","overlay-gradient":""},"tablet":{"background-color":"var(--ast-global-color-5)","background-image":"","background-repeat":"repeat","background-position":"center center","background-size":"auto","background-attachment":"scroll","background-type":"","background-media":"","overlay-type":"","overlay-color":"","overlay-opacity":"","overlay-gradient":""},"mobile":{"background-color":"var(--ast-global-color-5)","background-image":"","background-repeat":"repeat","background-position":"center center","background-size":"auto","background-attachment":"scroll","background-type":"","background-media":"","overlay-type":"","overlay-color":"","overlay-opacity":"","overlay-gradient":""}}},"product_brand":[],"product_cat":[15],"product_tag":[],"class_list":{"0":"post-4590","1":"product","2":"type-product","3":"status-publish","4":"has-post-thumbnail","6":"product_cat-passeios","7":"desktop-align-left","8":"tablet-align-left","9":"mobile-align-left","11":"first","12":"instock","13":"featured","14":"shipping-taxable","15":"purchasable","16":"product-type-simple"},"_links":{"self":[{"href":"https:\/\/tropicalhorizontravel.com\/index.php\/wp-json\/wp\/v2\/product\/4590","targetHints":{"allow":["GET"]}}],"collection":[{"href":"https:\/\/tropicalhorizontravel.com\/index.php\/wp-json\/wp\/v2\/product"}],"about":[{"href":"https:\/\/tropicalhorizontravel.com\/index.php\/wp-json\/wp\/v2\/types\/product"}],"replies":[{"embeddable":true,"href":"https:\/\/tropicalhorizontravel.com\/index.php\/wp-json\/wp\/v2\/comments?post=4590"}],"version-history":[{"count":1,"href":"https:\/\/tropicalhorizontravel.com\/index.php\/wp-json\/wp\/v2\/product\/4590\/revisions"}],"predecessor-version":[{"id":4592,"href":"https:\/\/tropicalhorizontravel.com\/index.php\/wp-json\/wp\/v2\/product\/4590\/revisions\/4592"}],"wp:featuredmedia":[{"embeddable":true,"href":"https:\/\/tropicalhorizontravel.com\/index.php\/wp-json\/wp\/v2\/media\/4591"}],"wp:attachment":[{"href":"https:\/\/tropicalhorizontravel.com\/index.php\/wp-json\/wp\/v2\/media?parent=4590"}],"wp:term":[{"taxonomy":"product_brand","embeddable":true,"href":"https:\/\/tropicalhorizontravel.com\/index.php\/wp-json\/wp\/v2\/product_brand?post=4590"},{"taxonomy":"product_cat","embeddable":true,"href":"https:\/\/tropicalhorizontravel.com\/index.php\/wp-json\/wp\/v2\/product_cat?post=4590"},{"taxonomy":"product_tag","embeddable":true,"href":"https:\/\/tropicalhorizontravel.com\/index.php\/wp-json\/wp\/v2\/product_tag?post=4590"}],"curies":[{"name":"wp","href":"https:\/\/api.w.org\/{rel}","templated":true}]}}